{"id":13619,"date":"2024-10-28T15:20:32","date_gmt":"2024-10-28T21:20:32","guid":{"rendered":"https:\/\/int.carbidedepot.com.mx\/wp\/?post_type=product&#038;p=13619"},"modified":"2025-07-16T14:36:09","modified_gmt":"2025-07-16T20:36:09","slug":"10-insertos-para-torneado-dnmg110404-pf-tp710-totime","status":"publish","type":"product","link":"https:\/\/int.carbidedepot.com.mx\/wp\/product\/10-insertos-para-torneado-dnmg110404-pf-tp710-totime\/","title":{"rendered":"10 Insertos Para Torneado DNMG110404-PF-TP710 Totime"},"content":{"rendered":"<p>Caracter\u00edsticas generales:<\/p>\n<p>\u2022 Grado recubierto CVD MT-TiCN-Al2O3<br \/>\n\u2022 Aplicaci\u00f3n en acero<br \/>\n\u2022 Rompevirutas PF de uso general para el acabado de aceros<br \/>\n\u2022 La estructura de las hendiduras disminuye el \u00e1rea de contacto entre la superficie del inserto y las virutas, lo que resulta en una reducci\u00f3n significativa de la aparici\u00f3n de calor<\/p>\n<p>&nbsp;<\/p>\n","protected":false},"excerpt":{"rendered":"<p>Inserto de carburo DNMG110404-PF-TP710 para torneado, de grado TP710 con recubrimiento CVD<\/p>\n","protected":false},"featured_media":13620,"comment_status":"closed","ping_status":"closed","template":"","meta":{"site-sidebar-layout":"default","site-content-layout":"default","ast-global-header-display":"","ast-main-header-display":"","ast-hfb-above-header-display":"","ast-hfb-below-header-display":"","ast-hfb-mobile-header-display":"","site-post-title":"","ast-breadcrumbs-content":"","ast-featured-img":"","footer-sml-layout":"","theme-transparent-header-meta":"default","adv-header-id-meta":"","stick-header-meta":"","header-above-stick-meta":"","header-main-stick-meta":"","header-below-stick-meta":""},"product_cat":[3145],"product_tag":[415],"class_list":["post-13619","product","type-product","status-publish","has-post-thumbnail","hentry","product_cat-torneado","product_tag-inserto","desktop-align-center","tablet-align-center","mobile-align-center","ast-product-gallery-layout-vertical","ast-product-tabs-layout-horizontal","ast-qv-on-image"],"_links":{"self":[{"href":"https:\/\/int.carbidedepot.com.mx\/wp\/wp-json\/wp\/v2\/product\/13619","targetHints":{"allow":["GET"]}}],"collection":[{"href":"https:\/\/int.carbidedepot.com.mx\/wp\/wp-json\/wp\/v2\/product"}],"about":[{"href":"https:\/\/int.carbidedepot.com.mx\/wp\/wp-json\/wp\/v2\/types\/product"}],"replies":[{"embeddable":true,"href":"https:\/\/int.carbidedepot.com.mx\/wp\/wp-json\/wp\/v2\/comments?post=13619"}],"wp:featuredmedia":[{"embeddable":true,"href":"https:\/\/int.carbidedepot.com.mx\/wp\/wp-json\/wp\/v2\/media\/13620"}],"wp:attachment":[{"href":"https:\/\/int.carbidedepot.com.mx\/wp\/wp-json\/wp\/v2\/media?parent=13619"}],"wp:term":[{"taxonomy":"product_cat","embeddable":true,"href":"https:\/\/int.carbidedepot.com.mx\/wp\/wp-json\/wp\/v2\/product_cat?post=13619"},{"taxonomy":"product_tag","embeddable":true,"href":"https:\/\/int.carbidedepot.com.mx\/wp\/wp-json\/wp\/v2\/product_tag?post=13619"}],"curies":[{"name":"wp","href":"https:\/\/api.w.org\/{rel}","templated":true}]}}