{"id":13235,"date":"2024-10-07T16:34:54","date_gmt":"2024-10-07T22:34:54","guid":{"rendered":"https:\/\/int.carbidedepot.com.mx\/wp\/product\/10-insertos-para-torneado-cnmg120404-pm-tp6120-totime\/"},"modified":"2025-07-16T14:35:50","modified_gmt":"2025-07-16T20:35:50","slug":"10-insertos-para-torneado-cnmg120404-pm-tp6120-totime","status":"publish","type":"product","link":"https:\/\/int.carbidedepot.com.mx\/wp\/product\/10-insertos-para-torneado-cnmg120404-pm-tp6120-totime\/","title":{"rendered":"10 Insertos Para Torneado CNMG120404-PM TP6120 Totime"},"content":{"rendered":"<p>\u2022Grado recubierto CVD MT-TiCN-Al2O3<br \/>\n\u2022Aplicaci\u00f3n en acero<br \/>\n\u2022Rompevirutas PM de uso general utilizado para corte medio<br \/>\n\u2022La geometr\u00eda \u00fanica del rompevirutas con bordes afilados y un gran \u00e1ngulo de inclinaci\u00f3n asegura una acci\u00f3n de corte libre en una amplia gama de condiciones de corte<\/p>\n","protected":false},"excerpt":{"rendered":"<p>Inserto de carburo CNMG120404-PM para torneado, de grado TP6120 con recubrimiento CVD<\/p>\n","protected":false},"featured_media":13234,"comment_status":"open","ping_status":"closed","template":"","meta":{"site-sidebar-layout":"default","site-content-layout":"default","ast-global-header-display":"","ast-main-header-display":"","ast-hfb-above-header-display":"","ast-hfb-below-header-display":"","ast-hfb-mobile-header-display":"","site-post-title":"","ast-breadcrumbs-content":"","ast-featured-img":"","footer-sml-layout":"","theme-transparent-header-meta":"","adv-header-id-meta":"","stick-header-meta":"","header-above-stick-meta":"","header-main-stick-meta":"","header-below-stick-meta":""},"product_cat":[3145],"product_tag":[3760],"class_list":["post-13235","product","type-product","status-publish","has-post-thumbnail","hentry","product_cat-torneado","product_tag-torneado","desktop-align-center","tablet-align-center","mobile-align-center","ast-product-gallery-layout-vertical","ast-product-gallery-with-no-image","ast-product-tabs-layout-horizontal","ast-qv-on-image"],"_links":{"self":[{"href":"https:\/\/int.carbidedepot.com.mx\/wp\/wp-json\/wp\/v2\/product\/13235","targetHints":{"allow":["GET"]}}],"collection":[{"href":"https:\/\/int.carbidedepot.com.mx\/wp\/wp-json\/wp\/v2\/product"}],"about":[{"href":"https:\/\/int.carbidedepot.com.mx\/wp\/wp-json\/wp\/v2\/types\/product"}],"replies":[{"embeddable":true,"href":"https:\/\/int.carbidedepot.com.mx\/wp\/wp-json\/wp\/v2\/comments?post=13235"}],"wp:featuredmedia":[{"embeddable":true,"href":"https:\/\/int.carbidedepot.com.mx\/wp\/wp-json\/wp\/v2\/media\/13234"}],"wp:attachment":[{"href":"https:\/\/int.carbidedepot.com.mx\/wp\/wp-json\/wp\/v2\/media?parent=13235"}],"wp:term":[{"taxonomy":"product_cat","embeddable":true,"href":"https:\/\/int.carbidedepot.com.mx\/wp\/wp-json\/wp\/v2\/product_cat?post=13235"},{"taxonomy":"product_tag","embeddable":true,"href":"https:\/\/int.carbidedepot.com.mx\/wp\/wp-json\/wp\/v2\/product_tag?post=13235"}],"curies":[{"name":"wp","href":"https:\/\/api.w.org\/{rel}","templated":true}]}}